{"id":6037,"date":"2023-03-07T11:03:23","date_gmt":"2023-03-07T10:03:23","guid":{"rendered":"https:\/\/www.steelproject.it\/certificazioni\/"},"modified":"2025-09-29T12:54:11","modified_gmt":"2025-09-29T10:54:11","slug":"certifications","status":"publish","type":"page","link":"https:\/\/www.steelproject.it\/en\/certifications\/","title":{"rendered":"Certifications"},"content":{"rendered":"<p>[vc_row full_width=&#8221;stretch_row&#8221; css=&#8221;.vc_custom_1678180813126{padding-bottom: 2rem !important;background-color: #f5f5f5 !important;}&#8221;][vc_column][vc_custom_heading text=&#8221;CERTIFICATIONS&#8221; font_container=&#8221;tag:h2|text_align:center&#8221; use_theme_fonts=&#8221;yes&#8221; css=&#8221;.vc_custom_1678184220671{margin-bottom: 4rem !important;}&#8221;][vc_row_inner][vc_column_inner width=&#8221;1\/4&#8243;][vc_column_text]<strong>ISO 14001:2015<\/strong> Environmental management system[\/vc_column_text][\/vc_column_inner][vc_column_inner width=&#8221;1\/4&#8243;][vc_column_text]OCCUPATIONAL HEALTH AND SAFETY management system according to the <strong>UNI EN ISO 45001:2018 STANDARD<\/strong>[\/vc_column_text][\/vc_column_inner][vc_column_inner width=&#8221;1\/4&#8243;][vc_column_text]QUALITY management system according to the <strong>UNI EN ISO 9001:2015 STANDARD<\/strong>[\/vc_column_text][\/vc_column_inner][vc_column_inner width=&#8221;1\/4&#8243;][vc_column_text]Gender equality according to<strong> PdR125:2022<\/strong>[\/vc_column_text][\/vc_column_inner][\/vc_row_inner][vc_row_inner][vc_column_inner width=&#8221;1\/4&#8243;][vc_single_image image=&#8221;6039&#8243; img_size=&#8221;full&#8221;][\/vc_column_inner][vc_column_inner width=&#8221;1\/4&#8243;][vc_single_image image=&#8221;6042&#8243; img_size=&#8221;full&#8221;][\/vc_column_inner][vc_column_inner width=&#8221;1\/4&#8243;][vc_single_image image=&#8221;6045&#8243; img_size=&#8221;full&#8221;][\/vc_column_inner][vc_column_inner width=&#8221;1\/4&#8243;][vc_single_image image=&#8221;7981&#8243; img_size=&#8221;full&#8221;][\/vc_column_inner][\/vc_row_inner][\/vc_column][\/vc_row][vc_row full_width=&#8221;stretch_row&#8221; css=&#8221;.vc_custom_1678181550151{background-color: #ffffff !important;}&#8221;][vc_column][vc_custom_heading text=&#8221;QUALIFICATIONS&#8221; font_container=&#8221;tag:h2|text_align:center&#8221; use_theme_fonts=&#8221;yes&#8221; css=&#8221;.vc_custom_1678184336292{margin-bottom: 4rem !important;}&#8221;][vc_row_inner][vc_column_inner width=&#8221;1\/4&#8243;][vc_single_image image=&#8221;5998&#8243; img_size=&#8221;full&#8221;][\/vc_column_inner][vc_column_inner width=&#8221;1\/4&#8243;][vc_single_image image=&#8221;6001&#8243; img_size=&#8221;full&#8221;][\/vc_column_inner][vc_column_inner width=&#8221;1\/4&#8243;][vc_single_image image=&#8221;6007&#8243; img_size=&#8221;full&#8221;][\/vc_column_inner][vc_column_inner width=&#8221;1\/4&#8243;][vc_single_image image=&#8221;6010&#8243; img_size=&#8221;full&#8221;][\/vc_column_inner][\/vc_row_inner][\/vc_column][\/vc_row][vc_row full_width=&#8221;stretch_row&#8221; css=&#8221;.vc_custom_1678181615862{background-color: #f3f3f3 !important;}&#8221;][vc_column][vc_custom_heading text=&#8221;AFFILIATIONS&#8221; font_container=&#8221;tag:h2|text_align:center&#8221; use_theme_fonts=&#8221;yes&#8221; css=&#8221;.vc_custom_1678184347332{margin-bottom: 4rem !important;}&#8221;][vc_row_inner][vc_column_inner width=&#8221;1\/4&#8243;][\/vc_column_inner][vc_column_inner width=&#8221;1\/4&#8243;][vc_single_image image=&#8221;6014&#8243; img_size=&#8221;full&#8221;][\/vc_column_inner][vc_column_inner width=&#8221;1\/4&#8243;][vc_single_image image=&#8221;6017&#8243; img_size=&#8221;full&#8221;][\/vc_column_inner][vc_column_inner width=&#8221;1\/4&#8243;][\/vc_column_inner][\/vc_row_inner][\/vc_column][\/vc_row][vc_row full_width=&#8221;stretch_row&#8221; css=&#8221;.vc_custom_1614760262774{margin-top: 4rem !important;padding-bottom: 2rem !important;}&#8221;][vc_column][vc_custom_heading text=&#8221;Integrated quality-environment-safety policy&#8221; font_container=&#8221;tag:h2|text_align:center&#8221; use_theme_fonts=&#8221;yes&#8221; css=&#8221;.vc_custom_1730804317425{margin-bottom: 4rem !important;}&#8221;][vc_row_inner][vc_column_inner width=&#8221;1\/2&#8243;][vc_column_text]Data ultimo aggiornamento: 15\/09\/2025[\/vc_column_text][\/vc_column_inner][vc_column_inner width=&#8221;1\/2&#8243;][\/vc_column_inner][\/vc_row_inner][vc_row_inner][vc_column_inner width=&#8221;1\/2&#8243;][vc_column_text]Lo studio \u00e8 strutturato per seguire l\u2019iter progettuale di un\u2019opera nel suo complesso, dalle attivit\u00e0 di consulenza e sviluppo fino all\u2019ottimizzazione di un esecutivo.<br \/>\nLa Steel Project Engineering interviene costantemente sul progetto con un approccio multidisciplinare che rispetta le necessit\u00e0 del committente ed i contributi di tutti gli attori coinvolti.<br \/>\nIl valore dell\u2019operato dell\u2019azienda risiede nell\u2019esperienza e nell\u2019approccio al lavoro del proprio fidato gruppo di collaboratori: professionisti competenti e aggiornati sulle novit\u00e0 costruttive e sulle pi\u00f9 recenti evoluzioni normative.<br \/>\nIl continuo sviluppo del settore porta la Steel Project Engineering a confrontarsi quotidianamente con le esigenze sempre diverse dei clienti e di tutte le altre figure che con l\u2019azienda stessa interagiscono, in un\u2019ottica di costante realizzazione di un servizio caratterizzato da un alto livello qualitativo.<br \/>\nL\u2019esigenza di mantenere un elevato livello di servizio mediante il continuo miglioramento della qualit\u00e0 ha spinto l\u2019organizzazione a dotarsi di un Sistema di Gestione Integrato Qualit\u00e0-Ambiente-Sicurezza secondo i requisiti delle norme UNI EN ISO 9001 &#8211; UNI EN ISO14001 e UNI EN ISO 45001. Si \u00e8 stabilito inoltre di seguire la prassi PdR125 per la Parit\u00e0 di Genere.<br \/>\nLa Steel Project Engineering orienta le proprie attivit\u00e0 verso soluzioni a basso impatto ambientale, promuovendo, ove possibile, l\u2019uso di tecnologie e materiali sostenibili.[\/vc_column_text][\/vc_column_inner][vc_column_inner width=&#8221;1\/2&#8243;][vc_column_text]L\u2019azienda integra i principi ESG nelle proprie strategie, garantendo responsabilit\u00e0 ambientale, inclusione sociale e trasparenza gestionale. Questo approccio assicura la creazione di valore condiviso per clienti, collaboratori e comunit\u00e0.<br \/>\nL\u2019azienda \u00e8 infatti costantemente impegnata nel perseguire la parit\u00e0 di genere, la valorizzazione delle diversit\u00e0 ed il sostegno della genitorialit\u00e0. \u00c8 sempre possibile effettuare segnalazioni, anche in maniera anonima, utilizzando l\u2019apposita box presente in sede oppure tramite sito internet aziendale.<br \/>\nLa Direzione, attraverso i Riesami e gli Audit interni, assicura che la Politica sia compresa, attuata e sostenuta a tutti i livelli della sua organizzazione. Gli audit sono orientati al monitoraggio dell\u2019efficacia delle prestazioni.<br \/>\nLa Direzione inoltre provvede affinch\u00e9 tutte le pertinenti disposizioni regolamentari siano rispettate e siano assunti impegni finalizzati ad un ragionevole e costante miglioramento dell\u2019efficienza qualitativa.[\/vc_column_text][\/vc_column_inner][\/vc_row_inner][\/vc_column][\/vc_row]<\/p>\n","protected":false},"excerpt":{"rendered":"<p>[vc_row full_width=&#8221;stretch_row&#8221; css=&#8221;.vc_custom_1678180813126{padding-bottom: 2rem !important;background-color: #f5f5f5 !important;}&#8221;][vc_column][vc_custom_heading text=&#8221;CERTIFICATIONS&#8221; font_container=&#8221;tag:h2|text_align:center&#8221; use_theme_fonts=&#8221;yes&#8221; css=&#8221;.vc_custom_1678184220671{margin-bottom: 4rem !important;}&#8221;][vc_row_inner][vc_column_inner width=&#8221;1\/4&#8243;][vc_column_text]ISO 14001:2015 Environmental management system[\/vc_column_text][\/vc_column_inner][vc_column_inner width=&#8221;1\/4&#8243;][vc_column_text]OCCUPATIONAL HEALTH AND SAFETY management [&hellip;]<\/p>\n","protected":false},"author":7,"featured_media":0,"parent":0,"menu_order":0,"comment_status":"closed","ping_status":"closed","template":"","meta":[],"acf":[],"yoast_head":"<!-- This site is optimized with the Yoast SEO plugin v18.3 - https:\/\/yoast.com\/wordpress\/plugins\/seo\/ -->\n<title>Certifications - Steel Project Engineering<\/title>\n<meta name=\"robots\" content=\"index, follow, max-snippet:-1, max-image-preview:large, max-video-preview:-1\" \/>\n<link rel=\"canonical\" href=\"https:\/\/www.steelproject.it\/en\/certifications\/\" \/>\n<meta property=\"og:locale\" content=\"en_US\" \/>\n<meta property=\"og:type\" content=\"article\" \/>\n<meta property=\"og:title\" content=\"Certifications - Steel Project Engineering\" \/>\n<meta property=\"og:description\" content=\"[vc_row full_width=&#8221;stretch_row&#8221; css=&#8221;.vc_custom_1678180813126{padding-bottom: 2rem !important;background-color: #f5f5f5 !important;}&#8221;][vc_column][vc_custom_heading text=&#8221;CERTIFICATIONS&#8221; font_container=&#8221;tag:h2|text_align:center&#8221; use_theme_fonts=&#8221;yes&#8221; css=&#8221;.vc_custom_1678184220671{margin-bottom: 4rem !important;}&#8221;][vc_row_inner][vc_column_inner width=&#8221;1\/4&#8243;][vc_column_text]ISO 14001:2015 Environmental management system[\/vc_column_text][\/vc_column_inner][vc_column_inner width=&#8221;1\/4&#8243;][vc_column_text]OCCUPATIONAL HEALTH AND SAFETY management [&hellip;]\" \/>\n<meta property=\"og:url\" content=\"https:\/\/www.steelproject.it\/en\/certifications\/\" \/>\n<meta property=\"og:site_name\" content=\"Steel Project Engineering\" \/>\n<meta property=\"article:modified_time\" content=\"2025-09-29T10:54:11+00:00\" \/>\n<meta name=\"twitter:card\" content=\"summary_large_image\" \/>\n<meta name=\"twitter:label1\" content=\"Est. reading time\" \/>\n\t<meta name=\"twitter:data1\" content=\"3 minutes\" \/>\n<script type=\"application\/ld+json\" class=\"yoast-schema-graph\">{\"@context\":\"https:\/\/schema.org\",\"@graph\":[{\"@type\":\"WebSite\",\"@id\":\"https:\/\/www.steelproject.it\/#website\",\"url\":\"https:\/\/www.steelproject.it\/\",\"name\":\"Steel Project Engineering\",\"description\":\"\",\"potentialAction\":[{\"@type\":\"SearchAction\",\"target\":{\"@type\":\"EntryPoint\",\"urlTemplate\":\"https:\/\/www.steelproject.it\/?s={search_term_string}\"},\"query-input\":\"required name=search_term_string\"}],\"inLanguage\":\"en-US\"},{\"@type\":\"WebPage\",\"@id\":\"https:\/\/www.steelproject.it\/en\/certifications\/#webpage\",\"url\":\"https:\/\/www.steelproject.it\/en\/certifications\/\",\"name\":\"Certifications - Steel Project Engineering\",\"isPartOf\":{\"@id\":\"https:\/\/www.steelproject.it\/#website\"},\"datePublished\":\"2023-03-07T10:03:23+00:00\",\"dateModified\":\"2025-09-29T10:54:11+00:00\",\"breadcrumb\":{\"@id\":\"https:\/\/www.steelproject.it\/en\/certifications\/#breadcrumb\"},\"inLanguage\":\"en-US\",\"potentialAction\":[{\"@type\":\"ReadAction\",\"target\":[\"https:\/\/www.steelproject.it\/en\/certifications\/\"]}]},{\"@type\":\"BreadcrumbList\",\"@id\":\"https:\/\/www.steelproject.it\/en\/certifications\/#breadcrumb\",\"itemListElement\":[{\"@type\":\"ListItem\",\"position\":1,\"name\":\"Home\",\"item\":\"https:\/\/www.steelproject.it\/en\/\"},{\"@type\":\"ListItem\",\"position\":2,\"name\":\"Certifications\"}]}]}<\/script>\n<!-- \/ Yoast SEO plugin. -->","yoast_head_json":{"title":"Certifications - Steel Project Engineering","robots":{"index":"index","follow":"follow","max-snippet":"max-snippet:-1","max-image-preview":"max-image-preview:large","max-video-preview":"max-video-preview:-1"},"canonical":"https:\/\/www.steelproject.it\/en\/certifications\/","og_locale":"en_US","og_type":"article","og_title":"Certifications - Steel Project Engineering","og_description":"[vc_row full_width=&#8221;stretch_row&#8221; css=&#8221;.vc_custom_1678180813126{padding-bottom: 2rem !important;background-color: #f5f5f5 !important;}&#8221;][vc_column][vc_custom_heading text=&#8221;CERTIFICATIONS&#8221; font_container=&#8221;tag:h2|text_align:center&#8221; use_theme_fonts=&#8221;yes&#8221; css=&#8221;.vc_custom_1678184220671{margin-bottom: 4rem !important;}&#8221;][vc_row_inner][vc_column_inner width=&#8221;1\/4&#8243;][vc_column_text]ISO 14001:2015 Environmental management system[\/vc_column_text][\/vc_column_inner][vc_column_inner width=&#8221;1\/4&#8243;][vc_column_text]OCCUPATIONAL HEALTH AND SAFETY management [&hellip;]","og_url":"https:\/\/www.steelproject.it\/en\/certifications\/","og_site_name":"Steel Project Engineering","article_modified_time":"2025-09-29T10:54:11+00:00","twitter_card":"summary_large_image","twitter_misc":{"Est. reading time":"3 minutes"},"schema":{"@context":"https:\/\/schema.org","@graph":[{"@type":"WebSite","@id":"https:\/\/www.steelproject.it\/#website","url":"https:\/\/www.steelproject.it\/","name":"Steel Project Engineering","description":"","potentialAction":[{"@type":"SearchAction","target":{"@type":"EntryPoint","urlTemplate":"https:\/\/www.steelproject.it\/?s={search_term_string}"},"query-input":"required name=search_term_string"}],"inLanguage":"en-US"},{"@type":"WebPage","@id":"https:\/\/www.steelproject.it\/en\/certifications\/#webpage","url":"https:\/\/www.steelproject.it\/en\/certifications\/","name":"Certifications - Steel Project Engineering","isPartOf":{"@id":"https:\/\/www.steelproject.it\/#website"},"datePublished":"2023-03-07T10:03:23+00:00","dateModified":"2025-09-29T10:54:11+00:00","breadcrumb":{"@id":"https:\/\/www.steelproject.it\/en\/certifications\/#breadcrumb"},"inLanguage":"en-US","potentialAction":[{"@type":"ReadAction","target":["https:\/\/www.steelproject.it\/en\/certifications\/"]}]},{"@type":"BreadcrumbList","@id":"https:\/\/www.steelproject.it\/en\/certifications\/#breadcrumb","itemListElement":[{"@type":"ListItem","position":1,"name":"Home","item":"https:\/\/www.steelproject.it\/en\/"},{"@type":"ListItem","position":2,"name":"Certifications"}]}]}},"_links":{"self":[{"href":"https:\/\/www.steelproject.it\/en\/wp-json\/wp\/v2\/pages\/6037"}],"collection":[{"href":"https:\/\/www.steelproject.it\/en\/wp-json\/wp\/v2\/pages"}],"about":[{"href":"https:\/\/www.steelproject.it\/en\/wp-json\/wp\/v2\/types\/page"}],"author":[{"embeddable":true,"href":"https:\/\/www.steelproject.it\/en\/wp-json\/wp\/v2\/users\/7"}],"replies":[{"embeddable":true,"href":"https:\/\/www.steelproject.it\/en\/wp-json\/wp\/v2\/comments?post=6037"}],"version-history":[{"count":6,"href":"https:\/\/www.steelproject.it\/en\/wp-json\/wp\/v2\/pages\/6037\/revisions"}],"predecessor-version":[{"id":9008,"href":"https:\/\/www.steelproject.it\/en\/wp-json\/wp\/v2\/pages\/6037\/revisions\/9008"}],"wp:attachment":[{"href":"https:\/\/www.steelproject.it\/en\/wp-json\/wp\/v2\/media?parent=6037"}],"curies":[{"name":"wp","href":"https:\/\/api.w.org\/{rel}","templated":true}]}}