{"id":5234,"date":"2021-03-01T16:40:54","date_gmt":"2021-03-01T15:40:54","guid":{"rendered":"https:\/\/www.steelproject.it\/studio\/"},"modified":"2024-03-13T12:45:33","modified_gmt":"2024-03-13T11:45:33","slug":"presentation","status":"publish","type":"page","link":"https:\/\/www.steelproject.it\/fr\/presentation\/","title":{"rendered":"PR\u00c9SENTATION"},"content":{"rendered":"<p>[vc_row full_width=\u00a0\u00bbstretch_row\u00a0\u00bb css_animation=\u00a0\u00bbnone\u00a0\u00bb css=\u00a0\u00bb.vc_custom_1710327211321{background-image: url(http:\/\/www.steelproject.it\/wp-content\/uploads\/2024\/03\/header3.jpg?id=7278) !important;background-position: center !important;background-repeat: no-repeat !important;background-size: cover !important;}\u00a0\u00bb el_id=\u00a0\u00bbheader-studio\u00a0\u00bb][vc_column css_animation=\u00a0\u00bbnone\u00a0\u00bb][vc_custom_heading text=\u00a0\u00bbSp\u00e9cialistes de la conception de structures complexes.\u00a0\u00bb font_container=\u00a0\u00bbtag:h2|text_align:center|color:%23ffffff\u00a0\u00bb use_theme_fonts=\u00a0\u00bbyes\u00a0\u00bb css=\u00a0\u00bb.vc_custom_1654086318390{padding-top: 90px !important;padding-bottom: 110px !important;}\u00a0\u00bb el_class=\u00a0\u00bbtransparent-xs\u00a0\u00bb][\/vc_column][\/vc_row][vc_row css_animation=\u00a0\u00bbnone\u00a0\u00bb][vc_column width=\u00a0\u00bb4\/6&Prime; offset=\u00a0\u00bbvc_col-lg-offset-2&Prime; css=\u00a0\u00bb.vc_custom_1614677623409{margin-top: 4rem !important;}\u00a0\u00bb][vc_custom_heading text=\u00a0\u00bbDans Steel Project Engineering, nous sommes orient\u00e9s vers la conception des structures civiles et industrielles et des infrastructures et nous accordons une attention particuli\u00e8re \u00e0 l&rsquo;ing\u00e9nierie des m\u00e9thodes. Nos activit\u00e9s de conseil et d&rsquo;\u00e9tudes se concentrent sur des moyennes et grandes commandes pour le compte de bureaux d&rsquo;\u00e9tudes et d&rsquo;entreprises, d&rsquo;administrations publiques, d&rsquo;entreprises de construction g\u00e9n\u00e9rales ou sp\u00e9cialis\u00e9es dans la m\u00e9tallurgie.\u00a0\u00bb font_container=\u00a0\u00bbtag:p|font_size:1em|text_align:center|line_height:28px\u00a0\u00bb use_theme_fonts=\u00a0\u00bbyes\u00a0\u00bb][\/vc_column][\/vc_row][vc_row css_animation=\u00a0\u00bbnone\u00a0\u00bb][vc_column][vc_single_image image=\u00a0\u00bb3735&Prime; img_size=\u00a0\u00bbfull\u00a0\u00bb alignment=\u00a0\u00bbcenter\u00a0\u00bb css=\u00a0\u00bb.vc_custom_1620313790655{margin-top: 4rem !important;}\u00a0\u00bb][\/vc_column][\/vc_row][vc_row content_placement=\u00a0\u00bbmiddle\u00a0\u00bb css_animation=\u00a0\u00bbnone\u00a0\u00bb css=\u00a0\u00bb.vc_custom_1614762990276{margin-top: 4rem !important;}\u00a0\u00bb][vc_column css_animation=\u00a0\u00bbnone\u00a0\u00bb width=\u00a0\u00bb2\/3&Prime;][vc_custom_heading text=\u00a0\u00bbAu fil du temps nous avons b\u00e2ti un parcours autonome, fait de relations directes et consolid\u00e9es avec des entreprises de construction et des soci\u00e9t\u00e9s d&rsquo;ing\u00e9nierie. Avec les r\u00e9centes ouvertures sur de nouveaux march\u00e9s \u00e9trangers, nous avons encore \u00e9volu\u00e9, nous taillant un r\u00f4le reconnu dans le domaine de la conception structurelle et des \u00e9tudes m\u00e9thodes pour les grands travaux.\u00a0\u00bb font_container=\u00a0\u00bbtag:p|font_size:1em|text_align:left|line_height:28px\u00a0\u00bb use_theme_fonts=\u00a0\u00bbyes\u00a0\u00bb][\/vc_column][vc_column css_animation=\u00a0\u00bbnone\u00a0\u00bb width=\u00a0\u00bb1\/3&Prime; el_class=\u00a0\u00bbtext-center\u00a0\u00bb][vc_raw_html]JTNDYSUyMGNsYXNzJTNEJTIyc3F1YXJlLWJ1dHRvbiUyMiUyMGhyZWYlM0QlMjIlMkZmciUyRmNvbXBldGVuY2VzJTIyJTNFQ09NUCVDMyU4OVRFTkNFUyUzQyUyRmElM0U=[\/vc_raw_html][\/vc_column][\/vc_row][vc_row content_placement=\u00a0\u00bbmiddle\u00a0\u00bb css_animation=\u00a0\u00bbnone\u00a0\u00bb css=\u00a0\u00bb.vc_custom_1614762996986{margin-top: 4rem !important;}\u00a0\u00bb][vc_column css_animation=\u00a0\u00bbnone\u00a0\u00bb width=\u00a0\u00bb2\/3&Prime;][vc_single_image image=\u00a0\u00bb7243&Prime; img_size=\u00a0\u00bbfull\u00a0\u00bb][\/vc_column][vc_column width=\u00a0\u00bb1\/3&Prime;][vc_custom_heading text=\u00a0\u00bbIng\u00e9nieurs au service du projet.\u00a0\u00bb font_container=\u00a0\u00bbtag:h3|text_align:left|line_height:34px\u00a0\u00bb use_theme_fonts=\u00a0\u00bbyes\u00a0\u00bb][vc_column_text]L&rsquo;\u00e9tude est structur\u00e9e pour suivre le processus de conception d&rsquo;un ouvrage dans son ensemble, depuis le conseil et le d\u00e9veloppement technico-\u00e9conomique jusqu&rsquo;\u00e0 l&rsquo;optimisation finale d&rsquo;un projet ex\u00e9cutif. Nous intervenons \u00e0 tout moment sur le projet avec une <strong>m\u00e9thodologie multidisciplinaire<\/strong> qui respecte les besoins du client et les apports de tous les acteurs impliqu\u00e9s, des professionnels comp\u00e9tents inform\u00e9s de l&rsquo;actualit\u00e9 du secteur des constructions et des plus r\u00e9cents changements r\u00e9glementaires.[\/vc_column_text][vc_raw_html]JTNDYSUyMGNsYXNzJTNEJTIyc3F1YXJlLWhvbGxvdy1idXR0b24lMjIlMjBocmVmJTNEJTIyJTJGZnIlMkZzZXJ2aWNlcyUyMiUzRVBSRVNUQVRJT05TJTIwREUlMjBTRVJWSUNFJTNDJTJGYSUzRQ==[\/vc_raw_html][\/vc_column][\/vc_row][vc_row][vc_column css_animation=\u00a0\u00bbnone\u00a0\u00bb css=\u00a0\u00bb.vc_custom_1614763128440{margin-top: 4rem !important;}\u00a0\u00bb][vc_custom_heading text=\u00a0\u00bbLes partenaires\u00a0\u00bb font_container=\u00a0\u00bbtag:h2|font_size:32px|text_align:center|line_height:0&Prime; use_theme_fonts=\u00a0\u00bbyes\u00a0\u00bb css=\u00a0\u00bb.vc_custom_1654086489325{margin-bottom: 4rem !important;}\u00a0\u00bb][\/vc_column][\/vc_row][vc_row css_animation=\u00a0\u00bbnone\u00a0\u00bb][vc_column css_animation=\u00a0\u00bbnone\u00a0\u00bb width=\u00a0\u00bb1\/2&Prime; css=\u00a0\u00bb.vc_custom_1614851941199{margin-bottom: 2rem !important;}\u00a0\u00bb][vc_single_image image=\u00a0\u00bb7236&Prime; img_size=\u00a0\u00bbfull\u00a0\u00bb][vc_custom_heading text=\u00a0\u00bbIng. Giovanni Costa\u00a0\u00bb font_container=\u00a0\u00bbtag:h3|text_align:left\u00a0\u00bb use_theme_fonts=\u00a0\u00bbyes\u00a0\u00bb][vc_column_text]Ce studio a \u00e9t\u00e9 fond\u00e9 en 2008 et est l&rsquo;aboutissement de mon exp\u00e9rience de formation personnelle en tant que concepteur de structures, qui a d\u00e9but\u00e9 en 1999 et s&rsquo;est consolid\u00e9e aupr\u00e8s de grandes entreprises de construction et de bureaux d&rsquo;\u00e9tudes. Du dipl\u00f4me d&rsquo;ing\u00e9nieur \u00e0 aujourd&rsquo;hui, j&rsquo;ai consacr\u00e9 mon engagement et ma pers\u00e9v\u00e9rance \u00e0 l&rsquo;\u00e9tude de nombreuses structures de charpente m\u00e9tallique, forgeant une capacit\u00e9 de conception sp\u00e9cialis\u00e9e mais flexible, ouverte \u00e0 la rencontre avec des ouvrages en bois, en b\u00e9ton et autres mat\u00e9riaux. L&rsquo;exp\u00e9rience sur site, men\u00e9e en parall\u00e8le du travail en bureau, m&rsquo;a permis de d\u00e9velopper une m\u00e9thodologie de conception unique, sensible d\u00e8s les premi\u00e8res \u00e9tapes de l&rsquo;\u00e9tude jusqu&rsquo;aux d\u00e9licats aspects finaux de fabrication et d&rsquo;assemblage des \u00e9l\u00e9ments.[\/vc_column_text][vc_raw_html]JTNDZGl2JTNFJTNDYSUyMGhyZWYlM0QlMjJodHRwJTNBJTJGJTJGd3d3LnN0ZWVscHJvamVjdC5pdCUyRndwLWNvbnRlbnQlMkZ1cGxvYWRzJTJGMjAyMSUyRjAzJTJGQ1ZfR2lvdmFubmlfQ29zdGFfYWdnaW9ybmF0b18yMDE1LnBkZiUyMiUyMHRhcmdldCUzRCUyMmJsYW5rJTIyJTNFJTNDaSUyMGNsYXNzJTNEJTIyZmElMjBmYS1sZyUyMGZhLWZ3JTIwZmEtZmlsZS1wZGYtbyUyMiUzRSUzQyUyRmklM0UlMjZuYnNwJTNCJTNDYiUzRVQlQzMlQTlsJUMzJUE5Y2hhcmdlciUyMGxlJTIwQ1YlM0MlMkZiJTNFJTNDJTJGYSUzRSUwQSUzQyUyRmRpdiUzRSUwQSUzQ2RpdiUyMHN0eWxlJTNEJTIybWFyZ2luLXRvcCUzQTFyZW0lMjIlM0UlMEElM0NhJTIwaHJlZiUzRCUyMmh0dHBzJTNBJTJGJTJGd3d3LmxpbmtlZGluLmNvbSUyRmluJTJGZ2lvdmFubmktY29zdGEtNzIwNGI0MjklMkYlMjIlMjB0YXJnZXQlM0QlMjJibGFuayUyMiUzRSUzQ2klMjBjbGFzcyUzRCUyMmZhJTIwZmEtbGlua2VkaW4lMjIlM0UlM0MlMkZpJTNFJTNDJTJGYSUzRSUwQSUzQyUyRmRpdiUzRQ==[\/vc_raw_html][vc_raw_html]JTNDYSUyMGhyZWYlM0QlMjIlMkZmciUyRmdpb3Zhbm5pLWNvc3RhJTIyJTIwY2xhc3MlM0QlMjJzcXVhcmUtaG9sbG93LWJ1dHRvbiUyMiUzRVByb2ZpbCUyMGNvbXBsZXQlM0MlMkZhJTNF[\/vc_raw_html][\/vc_column][vc_column css_animation=\u00a0\u00bbnone\u00a0\u00bb width=\u00a0\u00bb1\/2&Prime;][vc_single_image image=\u00a0\u00bb7239&Prime; img_size=\u00a0\u00bbfull\u00a0\u00bb][vc_custom_heading text=\u00a0\u00bbIng. Leonardo Balocchi\u00a0\u00bb font_container=\u00a0\u00bbtag:h3|text_align:left\u00a0\u00bb use_theme_fonts=\u00a0\u00bbyes\u00a0\u00bb][vc_column_text]Apr\u00e8s avoir obtenu mon dipl\u00f4me d&rsquo;ing\u00e9nieur de structures \u00e0 l&rsquo;Universit\u00e9 de Pise en octobre 2015 avec une dissertation sur le lan\u00e7age de tabliers m\u00e9talliques, j&rsquo;ai commenc\u00e9 \u00e0 travailler aux c\u00f4t\u00e9s d&rsquo;Ing. Giovanni Costa en me d\u00e9diant \u00e0 la conception de nombreuses structures telles que des b\u00e2timents civils et industriels, des murs-rideaux, des ponts, des assemblages et des \u00e9quipements sp\u00e9ciaux. Au cours de mon activit\u00e9 de conception, j&rsquo;ai trait\u00e9 divers mat\u00e9riaux et types de structures, acqu\u00e9rant une forte sp\u00e9cialisation dans le domaine des structures m\u00e9talliques. La croissance r\u00e9guli\u00e8re du bureau a conduit en 2019 \u00e0 la naissance du Steel Project Engineering dont je suis partenaire. Parall\u00e8lement \u00e0 l&rsquo;activit\u00e9 de conception, j&rsquo;ai collabor\u00e9 avec des institutions telles que l&rsquo;Universit\u00e9 de Pise et divers organismes de promotion de l&rsquo;utilisation de l&rsquo;acier en tant que conseilleur pour dissertations et s\u00e9minaires.[\/vc_column_text][vc_raw_html]JTNDZGl2JTNFJTNDYSUyMGhyZWYlM0QlMjJodHRwJTNBJTJGJTJGd3d3LnN0ZWVscHJvamVjdC5pdCUyRndwLWNvbnRlbnQlMkZ1cGxvYWRzJTJGMjAyMSUyRjAzJTJGQ1ZfQmFsb2NjaGlfMjAyMC5wZGYlMjIlMjB0YXJnZXQlM0QlMjJibGFuayUyMiUzRSUzQ2klMjBjbGFzcyUzRCUyMmZhJTIwZmEtbGclMjBmYS1mdyUyMGZhLWZpbGUtcGRmLW8lMjIlM0UlM0MlMkZpJTNFJTI2bmJzcCUzQiUzQ2IlM0VUJUMzJUE5bCVDMyVBOWNoYXJnZXIlMjBsZSUyMENWJTNDJTJGYiUzRSUzQyUyRmElM0UlMEElM0MlMkZkaXYlM0UlMEElM0NkaXYlMjBzdHlsZSUzRCUyMm1hcmdpbi10b3AlM0ExcmVtJTIyJTNFJTBBJTNDYSUyMGhyZWYlM0QlMjJodHRwcyUzQSUyRiUyRnd3dy5saW5rZWRpbi5jb20lMkZpbiUyRmxlb25hcmRvLWJhbG9jY2hpLTZiNWIzYTk3JTJGJTIyJTIwdGFyZ2V0JTNEJTIyYmxhbmslMjIlM0UlM0NpJTIwY2xhc3MlM0QlMjJmYSUyMGZhLWxpbmtlZGluJTIyJTNFJTNDJTJGaSUzRSUzQyUyRmElM0UlMEElM0MlMkZkaXYlM0U=[\/vc_raw_html][\/vc_column][\/vc_row][vc_row full_width=\u00a0\u00bbstretch_row\u00a0\u00bb css_animation=\u00a0\u00bbnone\u00a0\u00bb css=\u00a0\u00bb.vc_custom_1614763045625{margin-top: 4rem !important;padding-top: 4rem !important;padding-bottom: 4rem !important;background-color: #f5f5f5 !important;}\u00a0\u00bb][vc_column css_animation=\u00a0\u00bbnone\u00a0\u00bb width=\u00a0\u00bb1\/4&Prime;][vc_custom_heading text=\u00a0\u00bbClients\u00a0\u00bb font_container=\u00a0\u00bbtag:h3|text_align:left\u00a0\u00bb use_theme_fonts=\u00a0\u00bbyes\u00a0\u00bb el_class=\u00a0\u00bbno-margin\u00a0\u00bb][\/vc_column][vc_column css_animation=\u00a0\u00bbnone\u00a0\u00bb width=\u00a0\u00bb1\/4&Prime;][vc_column_text]<strong>Entreprises de construction<\/strong><\/p>\n<p>AGHITO ZAMBONINI s.p.a.<br \/>\nBOUYGUES BATIMENT<br \/>\nBIT COSTRUZIONI METALLICHE s.p.a.<br \/>\nCEETRUS S.P.A.<br \/>\nCIMOLAI S.P.A.<br \/>\nC.L.C. SOCIET\u00c0 COOPERATIVA<br \/>\nCOMETAL s.p.a.<br \/>\nCORDIOLI COSTRUZIONI METALLICHE s.p.a.<br \/>\nDEAL S.R.L.<br \/>\nFERIMEX s.r.l.<br \/>\nFERROBERICA S.P.A.<br \/>\nFINCANTIERI INFRASTRUCTURE S.P.A.<br \/>\nFREYSSINET INTERNATIONAL &amp; CIE.<br \/>\nFREYSSINET CONSTRUCTION ASIA<br \/>\nLMV s.p.a.<br \/>\nMATIERE<br \/>\nV.C.S. MONTHAZ<br \/>\nM.B.M. COSTRUZIONI METALLICHE s.p.a.<br \/>\nMAEG COSTRUZIONI s.p.a.<br \/>\nPICHLER PROJECT S.R.L.<br \/>\nS.C.L. COSTRUZIONI E MONTAGGI<br \/>\nSIMEON CARPENTERIE s.r.l.<br \/>\nSPIC INTERNAZIONALE s.r.l.<br \/>\nSPIC s.r.l.<br \/>\nWEBUILD S.P.A.[\/vc_column_text][\/vc_column][vc_column css_animation=\u00a0\u00bbnone\u00a0\u00bb width=\u00a0\u00bb1\/4&Prime;][vc_column_text]<strong>Bureaux d&rsquo;\u00e9tudes et soci\u00e9t\u00e9s<\/strong><\/p>\n<p>INCIDE ENGINEERING s.r.l.<br \/>\nLOMBARDI INGEGNERIA S.R.L.<br \/>\nNET 16 RETE DI PROFESSIONISTI<br \/>\nPOLITECNICA<br \/>\nRAMBOLL s.r.l.<br \/>\nRINA CONSULTING S.P.A.<br \/>\nR&amp;P ENGINEERING s.r.l.<br \/>\nSETECO INGEGNERIA s.r.l.<br \/>\nSIPAL s.p.a.<br \/>\nSOFTEC IMPIANTI s.r.l.<br \/>\nSTUDIO BST<br \/>\nSTUDIO BETA<br \/>\nSTUDIO MAJOWIECKI[\/vc_column_text][\/vc_column][vc_column css_animation=\u00a0\u00bbnone\u00a0\u00bb width=\u00a0\u00bb1\/4&Prime;][vc_column_text]<strong>Autres clients<\/strong><\/p>\n<p>AEDES SIIQ S.P.A.<br \/>\nCOMUNE DI CARASCO<br \/>\nPROVINCIA DI LUCCA<br \/>\nCOMUNE DI SAN MINIATO<br \/>\nPROVINCIA DELLA SPEZIA<br \/>\nPORTO IMMOBILIARE s.r.l. (LIVORNO)<br \/>\nMETAL SERVIZI s.r.l.[\/vc_column_text][\/vc_column][\/vc_row]<\/p>\n","protected":false},"excerpt":{"rendered":"<p>[vc_row full_width=\u00a0\u00bbstretch_row\u00a0\u00bb css_animation=\u00a0\u00bbnone\u00a0\u00bb css=\u00a0\u00bb.vc_custom_1710327211321{background-image: url(http:\/\/www.steelproject.it\/wp-content\/uploads\/2024\/03\/header3.jpg?id=7278) !important;background-position: center !important;background-repeat: no-repeat !important;background-size: cover !important;}\u00a0\u00bb el_id=\u00a0\u00bbheader-studio\u00a0\u00bb][vc_column css_animation=\u00a0\u00bbnone\u00a0\u00bb][vc_custom_heading text=\u00a0\u00bbSp\u00e9cialistes de la conception de structures complexes.\u00a0\u00bb font_container=\u00a0\u00bbtag:h2|text_align:center|color:%23ffffff\u00a0\u00bb use_theme_fonts=\u00a0\u00bbyes\u00a0\u00bb [&hellip;]<\/p>\n","protected":false},"author":7,"featured_media":0,"parent":0,"menu_order":0,"comment_status":"closed","ping_status":"closed","template":"","meta":[],"acf":[],"yoast_head":"<!-- This site is optimized with the Yoast SEO plugin v18.3 - https:\/\/yoast.com\/wordpress\/plugins\/seo\/ -->\n<title>PR\u00c9SENTATION - Steel Project Engineering<\/title>\n<meta name=\"robots\" content=\"index, follow, max-snippet:-1, max-image-preview:large, max-video-preview:-1\" \/>\n<link rel=\"canonical\" href=\"https:\/\/www.steelproject.it\/fr\/presentation\/\" \/>\n<meta property=\"og:locale\" content=\"fr_FR\" \/>\n<meta property=\"og:type\" content=\"article\" \/>\n<meta property=\"og:title\" content=\"PR\u00c9SENTATION - Steel Project Engineering\" \/>\n<meta property=\"og:description\" content=\"[vc_row full_width=\u00a0\u00bbstretch_row\u00a0\u00bb css_animation=\u00a0\u00bbnone\u00a0\u00bb css=\u00a0\u00bb.vc_custom_1710327211321{background-image: url(http:\/\/www.steelproject.it\/wp-content\/uploads\/2024\/03\/header3.jpg?id=7278) !important;background-position: center !important;background-repeat: no-repeat !important;background-size: cover !important;}\u00a0\u00bb el_id=\u00a0\u00bbheader-studio\u00a0\u00bb][vc_column css_animation=\u00a0\u00bbnone\u00a0\u00bb][vc_custom_heading text=\u00a0\u00bbSp\u00e9cialistes de la conception de structures complexes.\u00a0\u00bb font_container=\u00a0\u00bbtag:h2|text_align:center|color:%23ffffff\u00a0\u00bb use_theme_fonts=\u00a0\u00bbyes\u00a0\u00bb [&hellip;]\" \/>\n<meta property=\"og:url\" content=\"https:\/\/www.steelproject.it\/fr\/presentation\/\" \/>\n<meta property=\"og:site_name\" content=\"Steel Project Engineering\" \/>\n<meta property=\"article:modified_time\" content=\"2024-03-13T11:45:33+00:00\" \/>\n<meta name=\"twitter:card\" content=\"summary_large_image\" \/>\n<meta name=\"twitter:label1\" content=\"Dur\u00e9e de lecture estim\u00e9e\" \/>\n\t<meta name=\"twitter:data1\" content=\"4 minutes\" \/>\n<script type=\"application\/ld+json\" class=\"yoast-schema-graph\">{\"@context\":\"https:\/\/schema.org\",\"@graph\":[{\"@type\":\"WebSite\",\"@id\":\"https:\/\/www.steelproject.it\/#website\",\"url\":\"https:\/\/www.steelproject.it\/\",\"name\":\"Steel Project Engineering\",\"description\":\"\",\"potentialAction\":[{\"@type\":\"SearchAction\",\"target\":{\"@type\":\"EntryPoint\",\"urlTemplate\":\"https:\/\/www.steelproject.it\/?s={search_term_string}\"},\"query-input\":\"required name=search_term_string\"}],\"inLanguage\":\"fr-FR\"},{\"@type\":\"WebPage\",\"@id\":\"https:\/\/www.steelproject.it\/fr\/presentation\/#webpage\",\"url\":\"https:\/\/www.steelproject.it\/fr\/presentation\/\",\"name\":\"PR\u00c9SENTATION - Steel Project Engineering\",\"isPartOf\":{\"@id\":\"https:\/\/www.steelproject.it\/#website\"},\"datePublished\":\"2021-03-01T15:40:54+00:00\",\"dateModified\":\"2024-03-13T11:45:33+00:00\",\"breadcrumb\":{\"@id\":\"https:\/\/www.steelproject.it\/fr\/presentation\/#breadcrumb\"},\"inLanguage\":\"fr-FR\",\"potentialAction\":[{\"@type\":\"ReadAction\",\"target\":[\"https:\/\/www.steelproject.it\/fr\/presentation\/\"]}]},{\"@type\":\"BreadcrumbList\",\"@id\":\"https:\/\/www.steelproject.it\/fr\/presentation\/#breadcrumb\",\"itemListElement\":[{\"@type\":\"ListItem\",\"position\":1,\"name\":\"Home\",\"item\":\"https:\/\/www.steelproject.it\/fr\/\"},{\"@type\":\"ListItem\",\"position\":2,\"name\":\"PR\u00c9SENTATION\"}]}]}<\/script>\n<!-- \/ Yoast SEO plugin. -->","yoast_head_json":{"title":"PR\u00c9SENTATION - Steel Project Engineering","robots":{"index":"index","follow":"follow","max-snippet":"max-snippet:-1","max-image-preview":"max-image-preview:large","max-video-preview":"max-video-preview:-1"},"canonical":"https:\/\/www.steelproject.it\/fr\/presentation\/","og_locale":"fr_FR","og_type":"article","og_title":"PR\u00c9SENTATION - Steel Project Engineering","og_description":"[vc_row full_width=\u00a0\u00bbstretch_row\u00a0\u00bb css_animation=\u00a0\u00bbnone\u00a0\u00bb css=\u00a0\u00bb.vc_custom_1710327211321{background-image: url(http:\/\/www.steelproject.it\/wp-content\/uploads\/2024\/03\/header3.jpg?id=7278) !important;background-position: center !important;background-repeat: no-repeat !important;background-size: cover !important;}\u00a0\u00bb el_id=\u00a0\u00bbheader-studio\u00a0\u00bb][vc_column css_animation=\u00a0\u00bbnone\u00a0\u00bb][vc_custom_heading text=\u00a0\u00bbSp\u00e9cialistes de la conception de structures complexes.\u00a0\u00bb font_container=\u00a0\u00bbtag:h2|text_align:center|color:%23ffffff\u00a0\u00bb use_theme_fonts=\u00a0\u00bbyes\u00a0\u00bb [&hellip;]","og_url":"https:\/\/www.steelproject.it\/fr\/presentation\/","og_site_name":"Steel Project Engineering","article_modified_time":"2024-03-13T11:45:33+00:00","twitter_card":"summary_large_image","twitter_misc":{"Dur\u00e9e de lecture estim\u00e9e":"4 minutes"},"schema":{"@context":"https:\/\/schema.org","@graph":[{"@type":"WebSite","@id":"https:\/\/www.steelproject.it\/#website","url":"https:\/\/www.steelproject.it\/","name":"Steel Project Engineering","description":"","potentialAction":[{"@type":"SearchAction","target":{"@type":"EntryPoint","urlTemplate":"https:\/\/www.steelproject.it\/?s={search_term_string}"},"query-input":"required name=search_term_string"}],"inLanguage":"fr-FR"},{"@type":"WebPage","@id":"https:\/\/www.steelproject.it\/fr\/presentation\/#webpage","url":"https:\/\/www.steelproject.it\/fr\/presentation\/","name":"PR\u00c9SENTATION - Steel Project Engineering","isPartOf":{"@id":"https:\/\/www.steelproject.it\/#website"},"datePublished":"2021-03-01T15:40:54+00:00","dateModified":"2024-03-13T11:45:33+00:00","breadcrumb":{"@id":"https:\/\/www.steelproject.it\/fr\/presentation\/#breadcrumb"},"inLanguage":"fr-FR","potentialAction":[{"@type":"ReadAction","target":["https:\/\/www.steelproject.it\/fr\/presentation\/"]}]},{"@type":"BreadcrumbList","@id":"https:\/\/www.steelproject.it\/fr\/presentation\/#breadcrumb","itemListElement":[{"@type":"ListItem","position":1,"name":"Home","item":"https:\/\/www.steelproject.it\/fr\/"},{"@type":"ListItem","position":2,"name":"PR\u00c9SENTATION"}]}]}},"_links":{"self":[{"href":"https:\/\/www.steelproject.it\/fr\/wp-json\/wp\/v2\/pages\/5234"}],"collection":[{"href":"https:\/\/www.steelproject.it\/fr\/wp-json\/wp\/v2\/pages"}],"about":[{"href":"https:\/\/www.steelproject.it\/fr\/wp-json\/wp\/v2\/types\/page"}],"author":[{"embeddable":true,"href":"https:\/\/www.steelproject.it\/fr\/wp-json\/wp\/v2\/users\/7"}],"replies":[{"embeddable":true,"href":"https:\/\/www.steelproject.it\/fr\/wp-json\/wp\/v2\/comments?post=5234"}],"version-history":[{"count":14,"href":"https:\/\/www.steelproject.it\/fr\/wp-json\/wp\/v2\/pages\/5234\/revisions"}],"predecessor-version":[{"id":7288,"href":"https:\/\/www.steelproject.it\/fr\/wp-json\/wp\/v2\/pages\/5234\/revisions\/7288"}],"wp:attachment":[{"href":"https:\/\/www.steelproject.it\/fr\/wp-json\/wp\/v2\/media?parent=5234"}],"curies":[{"name":"wp","href":"https:\/\/api.w.org\/{rel}","templated":true}]}}